{"id":26884,"date":"2022-05-11T05:00:00","date_gmt":"2022-05-11T05:00:00","guid":{"rendered":"https:\/\/www.fivecontinentseditions.com\/?post_type=product&#038;p=26884"},"modified":"2024-08-19T12:28:58","modified_gmt":"2024-08-19T12:28:58","slug":"moliere-en-costumes","status":"publish","type":"product","link":"https:\/\/www.fivecontinentseditions.com\/en\/p\/moliere-en-costumes\/","title":{"rendered":"Moli\u00e8re en costumes"},"content":{"rendered":"<p>This richly illustrated volume is a genuine visual surprise for the reader, who will be led through the various sections of the book celebrating the 400<sup>th<\/sup> anniversary of the birth of the famous French writer, actor, and playwright: Moli\u00e8re!<\/p>\n<p>Over 150 theater costumes, as well as a collection of models and photographs are included in this volume, offering a glimpse into the various themes joining Moli\u00e8re and stage costumes. Selected because they are representative of a director\u2014Louis Jouvet\u2019s <em>Dom Juan<\/em>, Roger Planchon\u2019s <em>Dandin<\/em>, or Jean-Marie Vill\u00e9gier\u2019s<em> Le Malade imaginaire<\/em>\u2014or of a costume designer such as Suzanne Lalique, Christian B\u00e9rard, or Patrice Cauchetier, these costumes thus come to reflect specific tendencies: whether it is a historical reconstruction, a fashion of the time, or a historical rendition, but they also present ample signs of the designers\u2019 imagination.<\/p>\n<p>The works and costumes come mainly from the collections of the Centre national du costume de sc\u00e8ne in Moulins, from the Com\u00e9die-Fran\u00e7aise, and from the Department for Theater Arts of the Biblioth\u00e8que National de France, but there are also items on loan from theaters, companies, and cultural organizations such as the Th\u00e9\u00e2tre national populaire of Villeurbanne and the Maison Jean Vilar.<\/p>\n<p>The book is a companion to the major exhibition titled <em>Moli\u00e8re en costumes<\/em> that will be held at the Centre national du costume de sc\u00e8ne in Moulins from May 26 to November 6, 2022.<\/p>\n<p>&nbsp;<\/p>\n<p><strong>V\u00e9ronique Meunier<\/strong> is library conservator general of the Department for Theater Arts of the Biblioth\u00e8que Nationale de France. She is also a member of SIBMAS (Soci\u00e9t\u00e9 internationale des biblioth\u00e8ques, des mus\u00e9es, archives et centres de documentation des arts du spectacle).<\/p>\n","protected":false},"excerpt":{"rendered":"<p>This richly illustrated volume is a genuine visual surprise for the reader, who will be led through the various sections of the book celebrating the 400th anniversary of the birth of the famous French writer, actor, and playwright: Moli\u00e8re! Over 150 theater costumes, as well as a collection of models and photographs are included in&hellip;<\/p>\n","protected":false},"featured_media":26895,"template":"","meta":{"_acf_changed":false,"inline_featured_image":false},"product_brand":[],"product_cat":[61],"product_tag":[],"class_list":{"0":"post-26884","1":"product","2":"type-product","3":"status-publish","4":"has-post-thumbnail","6":"product_cat-applied-arts","7":"disponibilita-si","8":"description-off","10":"first","11":"instock","12":"shipping-taxable","13":"purchasable","14":"product-type-simple"},"acf":[],"_links":{"self":[{"href":"https:\/\/www.fivecontinentseditions.com\/en\/wp-json\/wp\/v2\/product\/26884","targetHints":{"allow":["GET"]}}],"collection":[{"href":"https:\/\/www.fivecontinentseditions.com\/en\/wp-json\/wp\/v2\/product"}],"about":[{"href":"https:\/\/www.fivecontinentseditions.com\/en\/wp-json\/wp\/v2\/types\/product"}],"wp:featuredmedia":[{"embeddable":true,"href":"https:\/\/www.fivecontinentseditions.com\/en\/wp-json\/wp\/v2\/media\/26895"}],"wp:attachment":[{"href":"https:\/\/www.fivecontinentseditions.com\/en\/wp-json\/wp\/v2\/media?parent=26884"}],"wp:term":[{"taxonomy":"product_brand","embeddable":true,"href":"https:\/\/www.fivecontinentseditions.com\/en\/wp-json\/wp\/v2\/product_brand?post=26884"},{"taxonomy":"product_cat","embeddable":true,"href":"https:\/\/www.fivecontinentseditions.com\/en\/wp-json\/wp\/v2\/product_cat?post=26884"},{"taxonomy":"product_tag","embeddable":true,"href":"https:\/\/www.fivecontinentseditions.com\/en\/wp-json\/wp\/v2\/product_tag?post=26884"}],"curies":[{"name":"wp","href":"https:\/\/api.w.org\/{rel}","templated":true}]}}