{"id":2601,"date":"2004-12-31T05:00:00","date_gmt":"2004-12-31T05:00:00","guid":{"rendered":"http:\/\/www.fivecontinentseditions.com\/prodotto\/fleeting-instants-2\/"},"modified":"2018-02-07T16:21:37","modified_gmt":"2018-02-07T16:21:37","slug":"fleeting-instants-2","status":"publish","type":"product","link":"https:\/\/www.fivecontinentseditions.com\/en\/p\/fleeting-instants-2\/","title":{"rendered":"Fleeting Instants"},"content":{"rendered":"<p>Marion-Valentine&rsquo;s first love was dance, which for her represented human perfection. When she developed an interest in photography at the age of sixteen, she very soon got in touch with a magazine in order to learn how to capture the art that had bewitched her. Her first dance photographs were published in the magazine <em>La Danse <\/em>in 1957. Since then, she has photographed most of the dance shows staged in Paris, concentrating first on classical dance and then broadening her scope to include all forms of dance.<\/p>\n<p>The object of this book is to put before the reader the photos that Marion-Valentine herself considers the most dynamic of all the shots she has taken during a forty-year career, the ones that most perfectly seize the instant when a pose is at its most expressive, the movement at its most harmonious.The photos are arranged in the book so as to maintain a certain tension, for instance by juxtaposing pictures of dancers from different schools or from different periods. Photography is by definition the art that manages to capture the fleeting moment, a flashing vision that moves the &ldquo;watcher&rdquo; emotionally to the point of wanting to repeat the wonder of his experience. Marion-Valentine finds these revelatory instants of emotion above all in dance shows, when the dancers&rsquo; bodies trace perfect, subtle lines in space, when a movement is stretched taut or a leap appears totally effortless for the time it takes a shutter to snap. And of course among these photos are shots of some of the great stars of post-War dance&mdash;Rudolf Nureyev, Sylvie Guillem, Nicolas Le Riche and Jorge Donn&mdash;and of renowned dance companies, like the Forsythe, B\u00e9jart, or Pina Bausch.<\/p>\n<p>Marion-Valentine was born in Paris and has been photographing dance in one way or another since the 1950s.<\/p>\n<p><strong>Daniel Dobbels<\/strong> was born in 1947. After working in the theatre for a time and training as a mime artist, he took up contemporary dance with the DanseTh\u00e9\u00e2tre Exp\u00e9rience company. In addition to his work as a choreographer, he also pursued parallel careers as a writer, art critic, speaker, and dance theorist and historian.<\/p>\n<p><strong>Manuela Binaghi <\/strong>was born in Milan in 1963 and worked for several years as a journalist for <em>Panorama<\/em>, <em>Lo Specchio<\/em>, <em>Marie-Claire<\/em>, and <em>Carnet<\/em>. She currently contributes dance columns to <em>La Repubblica<\/em>, <em>Tutto Milano<\/em>, <em>La Repubblica delle Donne<\/em>, and <em>Donna Moderna<\/em>.<\/p>\n","protected":false},"excerpt":{"rendered":"<p>Marion-Valentine&rsquo;s first love was dance, which for her represented human perfection. When she developed an interest in photography at the age of sixteen, she very soon got in touch with a magazine in order to learn how to capture the art that had bewitched her. Her first dance photographs were published in the magazine La&hellip;<\/p>\n","protected":false},"featured_media":2577,"template":"","meta":{"_acf_changed":false,"inline_featured_image":false},"product_brand":[],"product_cat":[64],"product_tag":[],"class_list":{"0":"post-2601","1":"product","2":"type-product","3":"status-publish","4":"has-post-thumbnail","6":"product_cat-photography","7":"disponibilita-si","8":"description-off","10":"first","11":"instock","12":"shipping-taxable","13":"purchasable","14":"product-type-simple"},"acf":[],"_links":{"self":[{"href":"https:\/\/www.fivecontinentseditions.com\/en\/wp-json\/wp\/v2\/product\/2601","targetHints":{"allow":["GET"]}}],"collection":[{"href":"https:\/\/www.fivecontinentseditions.com\/en\/wp-json\/wp\/v2\/product"}],"about":[{"href":"https:\/\/www.fivecontinentseditions.com\/en\/wp-json\/wp\/v2\/types\/product"}],"wp:featuredmedia":[{"embeddable":true,"href":"https:\/\/www.fivecontinentseditions.com\/en\/wp-json\/wp\/v2\/media\/2577"}],"wp:attachment":[{"href":"https:\/\/www.fivecontinentseditions.com\/en\/wp-json\/wp\/v2\/media?parent=2601"}],"wp:term":[{"taxonomy":"product_brand","embeddable":true,"href":"https:\/\/www.fivecontinentseditions.com\/en\/wp-json\/wp\/v2\/product_brand?post=2601"},{"taxonomy":"product_cat","embeddable":true,"href":"https:\/\/www.fivecontinentseditions.com\/en\/wp-json\/wp\/v2\/product_cat?post=2601"},{"taxonomy":"product_tag","embeddable":true,"href":"https:\/\/www.fivecontinentseditions.com\/en\/wp-json\/wp\/v2\/product_tag?post=2601"}],"curies":[{"name":"wp","href":"https:\/\/api.w.org\/{rel}","templated":true}]}}