{"id":25984,"date":"2021-10-12T05:00:00","date_gmt":"2021-10-12T05:00:00","guid":{"rendered":"https:\/\/www.fivecontinentseditions.com\/?post_type=product&#038;p=25984"},"modified":"2021-11-29T14:11:54","modified_gmt":"2021-11-29T14:11:54","slug":"hampi-inde-sacrae-inde-glorieuse","status":"publish","type":"product","link":"https:\/\/www.fivecontinentseditions.com\/en\/p\/hampi-inde-sacrae-inde-glorieuse\/","title":{"rendered":"HAMPI Inde sacr\u00e9e Inde glorieuse"},"content":{"rendered":"<p>Dating from the 14th century, Hampi is a place of devotion where the cults of \u015aiv\u0101 and Vi\u1e63\u1e47u were practiced and at the same time a fortified city center of royal power, both a place of pilgrimage and the capital of the Vijayanagara empire. History marks this ambivalence in the name of the site. As a whole, it has always been called Hampi. In the 14th-15th-16th centuries, the kings added a larger city to the already large site and named it Vijayanagara &#8220;City of Victory&#8221;.<\/p>\n<p>Hampi is a remarkable and admirable site. The geological environment imbues the space with a magical atmosphere and its majestic monuments carry a wealth of iconography.<\/p>\n<p>Galerie Hioco&#8217;s passion for Asia is expressed primarily through the Paris-based art gallery specializing in ancient sculptures from India and Southeast Asia, but also through a philanthropic project that is close to their hearts, aiming to publish reference works on major but undocumented sites in India. This project was motivated by a visit they made in 2015 to the site of Khajur\u0101ho. Disappointed to find no recent monographs on these major temples, they decided to publish with us a book on this Khajur\u0101ho site in 2017 and another on the Ellora Caves in 2020.<\/p>\n<p>This book is available only at Galerie Hioco.<\/p>\n<p>&nbsp;<\/p>\n<p>The book is written by an eminent specialist of India, <strong>Pierre-Sylvain Filliozat<\/strong>. During his missions in India, in Pondicherry from 1955 to 1992, and in Mysore since 1993, he and his wife Vasundhara have researched and studied Hampi. Mr. Filliozat&#8217;s achievements were particularly recognized in 2000, when he was elected a member of the Acad\u00e9mie des Inscriptions et Belles-lettres (Institut de France, Paris).<\/p>\n<p>He obtained a degree in Hindi from the Institut National des Langues et Civilisations Orientales in 1959, then in 1962 a degree from the \u00c9cole Pratique des Hautes \u00c9tudes with a thesis on &#8220;Le Prat\u00e2parudr\u00eeya de Vidy\u00e2n\u00e2tha&#8221; under the direction of Louis Renou. He was a member of the \u00c9cole fran\u00e7aise d&#8217;Extr\u00eame-Orient from 1963 to 1967. Thereafter, from 1967 to the present, he has been director of Sanskrit studies at the \u00c9cole Pratique des Hautes \u00c9tudes. Since 1998, he has also been an associate member of the Center for the History of Arab and Medieval Sciences and Philosophies. On March 25, 2015 in New Delhi, the President of India, Shri Pranab Mukherje, presented him with the award called Letter of recognition for skill in Sanskrit letters and scholarship in science, in recognition of his work on Sanskrit language and literature.<\/p>\n","protected":false},"excerpt":{"rendered":"<p>Dating from the 14th century, Hampi is a place of devotion where the cults of \u015aiv\u0101 and Vi\u1e63\u1e47u were practiced and at the same time a fortified city center of royal power, both a place of pilgrimage and the capital of the Vijayanagara empire. History marks this ambivalence in the name of the site. As&hellip;<\/p>\n","protected":false},"featured_media":26334,"template":"","meta":{"_acf_changed":false,"inline_featured_image":false},"product_brand":[],"product_cat":[52],"product_tag":[],"class_list":{"0":"post-25984","1":"product","2":"type-product","3":"status-publish","4":"has-post-thumbnail","6":"product_cat-asian-art","7":"disponibilita-si","8":"description-off","10":"first","11":"instock","12":"shipping-taxable","13":"purchasable","14":"product-type-simple"},"acf":[],"_links":{"self":[{"href":"https:\/\/www.fivecontinentseditions.com\/en\/wp-json\/wp\/v2\/product\/25984","targetHints":{"allow":["GET"]}}],"collection":[{"href":"https:\/\/www.fivecontinentseditions.com\/en\/wp-json\/wp\/v2\/product"}],"about":[{"href":"https:\/\/www.fivecontinentseditions.com\/en\/wp-json\/wp\/v2\/types\/product"}],"wp:featuredmedia":[{"embeddable":true,"href":"https:\/\/www.fivecontinentseditions.com\/en\/wp-json\/wp\/v2\/media\/26334"}],"wp:attachment":[{"href":"https:\/\/www.fivecontinentseditions.com\/en\/wp-json\/wp\/v2\/media?parent=25984"}],"wp:term":[{"taxonomy":"product_brand","embeddable":true,"href":"https:\/\/www.fivecontinentseditions.com\/en\/wp-json\/wp\/v2\/product_brand?post=25984"},{"taxonomy":"product_cat","embeddable":true,"href":"https:\/\/www.fivecontinentseditions.com\/en\/wp-json\/wp\/v2\/product_cat?post=25984"},{"taxonomy":"product_tag","embeddable":true,"href":"https:\/\/www.fivecontinentseditions.com\/en\/wp-json\/wp\/v2\/product_tag?post=25984"}],"curies":[{"name":"wp","href":"https:\/\/api.w.org\/{rel}","templated":true}]}}