{"id":19548,"date":"2020-04-24T05:00:00","date_gmt":"2020-04-24T05:00:00","guid":{"rendered":"https:\/\/www.fivecontinentseditions.com\/?post_type=product&#038;p=19548"},"modified":"2022-03-11T20:42:48","modified_gmt":"2022-03-11T20:42:48","slug":"ellora","status":"publish","type":"product","link":"https:\/\/www.fivecontinentseditions.com\/en\/p\/ellora\/","title":{"rendered":"Ellora"},"content":{"rendered":"<p>Ellora lies in the state of Maharashtra, in western central India. This pretty spot, surrounded by lush vegetation, is only a few kilometres from another place of great interest, the Ajanta caves.<\/p>\n<p>Ellora has been a UNESCO World Heritage Site since 1983 in recognition of its great importance as a repository of wonderful art and as a place of pilgrimage for followers of India\u2019s three great religions: Buddhism, Hinduism, and Jainism. Thirty-four places of worship (temples, monasteries, and shrines) were carved out of the rock between the fifth and tenth centuries over an area of around two square kilometres. All the sculpture at the site is testimony to the superb skill and sheer determination of the workforce involved, as well as being evidence of the religious harmony of the time. The monuments include all sorts of architectural and decorative features that display the utmost splendour and inventiveness: columns, staircases, reliefs, stuccos, and even surviving patches of painted decoration.<\/p>\n<p>In the past, the extraordinary work at the site has unfortunately been eclipsed by the exceptional nature of its surroundings. The architecture and sculpture are often immersed in darkness and this has made it impossible to create the kind of photographic record that would give their stunning quality the visibility it deserves. But now Iago Corazza, with his ultra-sensitive photographic equipment, is able at last to give lovers of Indian art and enthusiasts the chance to fully appreciate this wonderful, indeed unique, group of rock-cut temples. The task of explaining the meaning and significance of these works as they emerge from the dark is entrusted to the expertise of Gilles B\u00e9guin.<\/p>\n<p>Following the success of <em>Khajur\u0101ho<\/em>, readers have the chance to explore another treasure of Indian art accompanied by a distinguished guide, with the benefit of photos that at last do their marvellous subjects full justice.<\/p>\n<p>&nbsp;<\/p>\n<p><strong>Gilles B\u00e9guin,<\/strong>Conservateur G\u00e9n\u00e9ral Honoraire du Patrimoine,was head of the Nepalese and Tibetan Buddhism collections at the Mus\u00e9e national des arts asiatiques-Guimet from 1971 to 1994. He was then appointed director of Mus\u00e9e Cernuschi, mus\u00e9e des Arts de l\u2019Asie de la Ville de Paris, where from 2001 to 2005 he organized numerous exhibitions and supervised the complete renovation of the museum. He is the author of several scholarly articles, exhibition catalogues, and art books, including: <em>Les Cimes de l\u2019\u00e9veil\u00a0: monast\u00e8res bouddhiques du Ladakh\u00a0<\/em>(1990); <em>Polonnaruva : renaissance \u00e0 Ceylan\u00a0<\/em>(1991); <em>Les peintures du bouddhisme tib\u00e9tain <\/em>(1995); <em>Nepal, Vision d\u2019un art sacr\u00e9\u00a0<\/em>(1996); <em>L\u2019Arte buddista. Un atlante storico\u00a0<\/em>(2009).<\/p>\n<p><strong>Iago Corazza\u00a0<\/strong>is a photographer and has provided numerous photographic features for National Geographic, White Star, and the magazine Oasis. He has also made documentaries for leading Italian and international broadcasters. Iago Corazza is a UNICEF collaborator.<\/p>\n","protected":false},"excerpt":{"rendered":"<p>Ellora lies in the state of Maharashtra, in western central India. This pretty spot, surrounded by lush vegetation, is only a few kilometres from another place of great interest, the Ajanta caves. Ellora has been a UNESCO World Heritage Site since 1983 in recognition of its great importance as a repository of wonderful art and&hellip;<\/p>\n","protected":false},"featured_media":24227,"template":"","meta":{"_acf_changed":false,"inline_featured_image":false},"product_brand":[],"product_cat":[52],"product_tag":[],"class_list":{"0":"post-19548","1":"product","2":"type-product","3":"status-publish","4":"has-post-thumbnail","6":"product_cat-asian-art","7":"disponibilita-no","8":"description-off","10":"first","11":"outofstock","12":"shipping-taxable","13":"purchasable","14":"product-type-simple"},"acf":[],"_links":{"self":[{"href":"https:\/\/www.fivecontinentseditions.com\/en\/wp-json\/wp\/v2\/product\/19548","targetHints":{"allow":["GET"]}}],"collection":[{"href":"https:\/\/www.fivecontinentseditions.com\/en\/wp-json\/wp\/v2\/product"}],"about":[{"href":"https:\/\/www.fivecontinentseditions.com\/en\/wp-json\/wp\/v2\/types\/product"}],"wp:featuredmedia":[{"embeddable":true,"href":"https:\/\/www.fivecontinentseditions.com\/en\/wp-json\/wp\/v2\/media\/24227"}],"wp:attachment":[{"href":"https:\/\/www.fivecontinentseditions.com\/en\/wp-json\/wp\/v2\/media?parent=19548"}],"wp:term":[{"taxonomy":"product_brand","embeddable":true,"href":"https:\/\/www.fivecontinentseditions.com\/en\/wp-json\/wp\/v2\/product_brand?post=19548"},{"taxonomy":"product_cat","embeddable":true,"href":"https:\/\/www.fivecontinentseditions.com\/en\/wp-json\/wp\/v2\/product_cat?post=19548"},{"taxonomy":"product_tag","embeddable":true,"href":"https:\/\/www.fivecontinentseditions.com\/en\/wp-json\/wp\/v2\/product_tag?post=19548"}],"curies":[{"name":"wp","href":"https:\/\/api.w.org\/{rel}","templated":true}]}}