{"id":19340,"date":"2020-02-24T05:00:00","date_gmt":"2020-02-24T05:00:00","guid":{"rendered":"https:\/\/www.fivecontinentseditions.com\/?post_type=product&#038;p=19340"},"modified":"2021-04-30T08:12:31","modified_gmt":"2021-04-30T08:12:31","slug":"the-canada-pavilion","status":"publish","type":"product","link":"https:\/\/www.fivecontinentseditions.com\/en\/p\/the-canada-pavilion\/","title":{"rendered":"The Canada Pavilion"},"content":{"rendered":"<p>This richly illustrated book has been published with the intention of creating a detailed record of the vicissitudes of the Canada Pavilion built in 1958 in the gardens of the Venice Biennale and thus provide an authoritative reference book on this topic. It examines the various figures and interests involved in the design and construction of the building and explores how it was used over the past sixty years to exhibit the work of Canadian artists and architects. This publication intends not only to underline the pavilion\u2019s importance in the broader context of modern architecture, but also to highlight its role as an early example of cultural diplomacy.<\/p>\n<p>The book is fully endowed with archive material, such as photographs, drawings, and maps, along with a portfolio created by contemporary photographers (Francesco Barasciutti and Andrea Pertoldeo), showing the building before, during, and after the restoration.<\/p>\n<p>The essays of the various contributors to the book analyse the cultural and political context in which the Canada Pavilion committee worked (Cammie McAtee); the concept and construction of the building and the links with the architect Enrico Peressutti and the BBPR partnership (R\u00e9jean Legault); the pavilion\u2019s role in the postwar Italian cultural context (Serena Maffioletti) and its fortunes from its inauguration in 1958 to the restoration in 2018 (Jos\u00e9e Drouin-Brisebois); the restoration project itself (Susanna Caccia Gherardine), and, lastly, the relationship between the Canada Pavilion and the Biennale Gardens (Franco Panzini).<\/p>\n<p>&nbsp;<\/p>\n<p><strong>R\u00e9jean Legault\u00a0<\/strong>is Associate Professor at the \u00c9cole de design of the Universit\u00e9 du Qu\u00e9bec \u00e0 Montr\u00e9al. He was the guest curator of the National Gallery of Canada\u2019s exhibition <em>Canada Builds\/Rebuilds a Pavilion in Venice<\/em>, presented at the Canada Pavilion during the 2018 Venice Architecture Biennale, and continues to lend his expertise to the production of the upcoming publication and documentary film (a collaboration with the National Film Board of Canada) on the Pavilion.<\/p>\n<p><strong>Susanna Caccia Gherardini\u00a0<\/strong>is a full professor of fine art restoration at the Universit\u00e0 di Firenze and cooperates with both Italian and international institutions for the preservation of contemporary art.<\/p>\n<p><strong>Karen Colby-Stothart <\/strong>has spent over 30 years in the visual arts sector, holding key positions at major Canadian museums including the Art Gallery of Ontario, the Montreal Museum of Fine Arts and the National Gallery of Canada. In 2013 she was appointed Chief Executive Officer of the National Gallery of Canada Foundation.<\/p>\n<p><strong>Jos\u00e9e Drouin-Brisebois <\/strong>is Senior Curator of Contemporary Art at the National Gallery of Canada. She has been highly involved in Canada\u2019s participation at the Venice Art Biennale since 2011.<\/p>\n<p><strong>Serena Maffioletti <\/strong>is an architect and professor of Architecture and Urban Design at Universit\u00e0 IUAV di Venezia, where she has taught since 1992. She is also the director of the IUAV\u2019s Archivio Progetti, an archive and documentation centre of modern and contemporary architecture and design.<\/p>\n<p><strong>Cammie McAtee\u00a0<\/strong>is a Montreal-based historian and curator. She was the lead researcher for the National Gallery of Canada\u2019s exhibition on the Canada Pavilion at the 2018 Venice Architecture Biennale and provided key research for the accompanying publication.<\/p>\n<p><strong>Franco Panzini\u00a0<\/strong>is an architect and landscape historian and guest lecturer at Universit\u00e0 IUAV di Venezia and at the School of Architecture of Roma Tre University.<\/p>\n","protected":false},"excerpt":{"rendered":"<p>This richly illustrated book has been published with the intention of creating a detailed record of the vicissitudes of the Canada Pavilion built in 1958 in the gardens of the Venice Biennale and thus provide an authoritative reference book on this topic. It examines the various figures and interests involved in the design and construction&hellip;<\/p>\n","protected":false},"featured_media":23764,"template":"","meta":{"_acf_changed":false,"inline_featured_image":false},"product_brand":[],"product_cat":[53],"product_tag":[],"class_list":{"0":"post-19340","1":"product","2":"type-product","3":"status-publish","4":"has-post-thumbnail","6":"product_cat-contemporary-art","7":"disponibilita-si","8":"description-off","10":"first","11":"instock","12":"shipping-taxable","13":"purchasable","14":"product-type-simple"},"acf":[],"_links":{"self":[{"href":"https:\/\/www.fivecontinentseditions.com\/en\/wp-json\/wp\/v2\/product\/19340","targetHints":{"allow":["GET"]}}],"collection":[{"href":"https:\/\/www.fivecontinentseditions.com\/en\/wp-json\/wp\/v2\/product"}],"about":[{"href":"https:\/\/www.fivecontinentseditions.com\/en\/wp-json\/wp\/v2\/types\/product"}],"wp:featuredmedia":[{"embeddable":true,"href":"https:\/\/www.fivecontinentseditions.com\/en\/wp-json\/wp\/v2\/media\/23764"}],"wp:attachment":[{"href":"https:\/\/www.fivecontinentseditions.com\/en\/wp-json\/wp\/v2\/media?parent=19340"}],"wp:term":[{"taxonomy":"product_brand","embeddable":true,"href":"https:\/\/www.fivecontinentseditions.com\/en\/wp-json\/wp\/v2\/product_brand?post=19340"},{"taxonomy":"product_cat","embeddable":true,"href":"https:\/\/www.fivecontinentseditions.com\/en\/wp-json\/wp\/v2\/product_cat?post=19340"},{"taxonomy":"product_tag","embeddable":true,"href":"https:\/\/www.fivecontinentseditions.com\/en\/wp-json\/wp\/v2\/product_tag?post=19340"}],"curies":[{"name":"wp","href":"https:\/\/api.w.org\/{rel}","templated":true}]}}