{"id":18685,"date":"2019-08-01T05:00:00","date_gmt":"2019-08-01T05:00:00","guid":{"rendered":"https:\/\/www.fivecontinentseditions.com\/?post_type=product&#038;p=18685"},"modified":"2025-01-26T14:17:25","modified_gmt":"2025-01-26T14:17:25","slug":"in-praise-of-the-human-form","status":"publish","type":"product","link":"https:\/\/www.fivecontinentseditions.com\/en\/p\/in-praise-of-the-human-form\/","title":{"rendered":"In Praise of the Human Form"},"content":{"rendered":"<p>While the foundations of the Josette and Jean-Claude Weill Collection lie in painting, their passion for seeking out exciting new forms soon led them to embrace the infinite diversity of tribal art. Expanded over the decades under the enthusiastic stewardship of their son Jean-Pierre, the collection now includes over 120 works of the very highest order, covering Africa, Oceania, and the Americas.<\/p>\n<p>Several broad categories can be discerned, reflecting the Weill family\u2019s liking for daring, expressionistic forms: Dogon and Tellem statues combining geometric shapes with textured surfaces, as well as powerful Kongo figures endowed with magical properties. The expressive arts of Nigeria, Cameroon, and Melanesia are also well represented in the collection.<\/p>\n<p>Among the more classic works there are pieces that have iconic status\u2014such as the Bena Lulua statue that used to belong to Jacques Kerchache, Edward Robinson\u2019s Fang reliquary figure, or the powerful Biwat flute plug from the Lemaire Collection\u2014that testify to the sureness of the Weill\u2019s taste and to the shrewd instinct that led them to appreciate this art from another world. An important group of finely carved small ivories makes up one-third of the whole collection.<\/p>\n<p>This book will provide an opportunity to unveil the Parisian collection shrouded in mystery, whose importance is matched only by its confidentiality. In order to enable the reader to capture the full richness and diversity of its contents, the works are all accompanied by notes written by experts, including Viviane Baeke (Africa Museum, Tervuren), Philippe Dagen (historian and art critic), Jean-Paul Colleyn (anthropologist), Bertrand Goy (author specializing in C\u00f4te d\u2019Ivoire), H\u00e9l\u00e8ne Joubert (Mus\u00e9e du Quai Branly-Jaques Chirac), H\u00e9l\u00e8ne Leloup (historian and antiquarian), Sean Mooney (the Rock Foundation), and Philippe Peltier (formerly at Mus\u00e9e du Quai Branly-Jaques Chirac).<\/p>\n<p>&nbsp;<\/p>\n<p><strong>Charles-Wesley Hourd\u00e9<\/strong>\u00a0is an independent expert, a merchant, and a researcher specialized in classic art from Africa, Oceania, and America. His passion for this market has led him to publish several articles, especially on the Japanese ebony artist Kichiz\u00f4 Inagaki, along with six show catalogues, among which\u00a0<em>Passeurs de r\u00eaves<\/em>\u00a0(2016), focusing on the history of non-European artifacts, and\u00a0<em>L\u2019Emprise des masques<\/em>\u00a0(2017), which deals with the affinity between primitive sculptures and Pablo Picasso\u2019s work.\u00a0<em>Galerie Pigalle: Africa, Oceania<\/em>, his most recent publication and the result of three years of research, received the PILAT award in 2018, and the FILAF in 2019.<\/p>\n","protected":false},"excerpt":{"rendered":"<p>While the foundations of the Josette and Jean-Claude Weill Collection lie in painting, their passion for seeking out exciting new forms soon led them to embrace the infinite diversity of tribal art. Expanded over the decades under the enthusiastic stewardship of their son Jean-Pierre, the collection now includes over 120 works of the very highest&hellip;<\/p>\n","protected":false},"featured_media":23106,"template":"","meta":{"_acf_changed":false,"inline_featured_image":false},"product_brand":[],"product_cat":[50,63],"product_tag":[],"class_list":{"0":"post-18685","1":"product","2":"type-product","3":"status-publish","4":"has-post-thumbnail","6":"product_cat-african-art","7":"product_cat-oceanic-art","8":"disponibilita-si","9":"description-off","11":"first","12":"instock","13":"shipping-taxable","14":"purchasable","15":"product-type-simple"},"acf":[],"_links":{"self":[{"href":"https:\/\/www.fivecontinentseditions.com\/en\/wp-json\/wp\/v2\/product\/18685","targetHints":{"allow":["GET"]}}],"collection":[{"href":"https:\/\/www.fivecontinentseditions.com\/en\/wp-json\/wp\/v2\/product"}],"about":[{"href":"https:\/\/www.fivecontinentseditions.com\/en\/wp-json\/wp\/v2\/types\/product"}],"wp:featuredmedia":[{"embeddable":true,"href":"https:\/\/www.fivecontinentseditions.com\/en\/wp-json\/wp\/v2\/media\/23106"}],"wp:attachment":[{"href":"https:\/\/www.fivecontinentseditions.com\/en\/wp-json\/wp\/v2\/media?parent=18685"}],"wp:term":[{"taxonomy":"product_brand","embeddable":true,"href":"https:\/\/www.fivecontinentseditions.com\/en\/wp-json\/wp\/v2\/product_brand?post=18685"},{"taxonomy":"product_cat","embeddable":true,"href":"https:\/\/www.fivecontinentseditions.com\/en\/wp-json\/wp\/v2\/product_cat?post=18685"},{"taxonomy":"product_tag","embeddable":true,"href":"https:\/\/www.fivecontinentseditions.com\/en\/wp-json\/wp\/v2\/product_tag?post=18685"}],"curies":[{"name":"wp","href":"https:\/\/api.w.org\/{rel}","templated":true}]}}