{"id":18676,"date":"2019-08-02T05:00:00","date_gmt":"2019-08-02T05:00:00","guid":{"rendered":"https:\/\/www.fivecontinentseditions.com\/?post_type=product&#038;p=18676"},"modified":"2024-07-29T15:48:30","modified_gmt":"2024-07-29T15:48:30","slug":"__trashed","status":"publish","type":"product","link":"https:\/\/www.fivecontinentseditions.com\/en\/p\/__trashed\/","title":{"rendered":"Carlo Zinelli Recto verso"},"content":{"rendered":"<p>Carlo Zinelli (1916\u20131974), often called simply \u201cCarlo,\u201d is one of the leading figures of Art Brut, along with Alo\u00efse Corbaz, Andr\u00e9 Robillard, and Adolf W\u00f6lfli. The Collection de l\u2019Art Brut in Lausanne, which possesses the largest body of work by Carlo, has dedicated this book to the Italian artist\u2019s until-now underappreciated oeuvre. The volume gathers together several articles on the artist by experts in various disciplines, which explore multiple aspects of his rich and diverse output\u2014for example, extensive writings that were typically merged with his signature graphic compositions, well known for their characteristic accumulations of human, animal, and even vehicular motifs. The book offers a rare opportunity to follow the development of Carlo\u2019s art, which he regarded as the means of making his childhood memories and the things he loved in life\u2014music, nature, and animals\u2014eternal.<\/p>\n<p>The words \u201crecto verso\u201d in the book\u2019s title refer to the artist\u2019s habit of making drawings and paintings of the same intensity and quality on both sides of a sheet of paper. For Zinelli, creating art was a way of escaping from suffering and sickness\u2014a means of survival.<\/p>\n<p>With bilingual texts in French and English, the book is lavishly illustrated with reproductions of Zinelli\u2019s paintings and many photographs \u2014 including several by <em>Life\u00a0<\/em>magazine photographer John Phillips\u2014as well as a wealth of previously unpublished archival material.<\/p>\n<p><strong>Anic Zanzi\u00a0<\/strong>is an art historian, exhibition organizer, and, since 2003, curator at the Collection de l\u2019Art Brut. She has edited several publications for the museum, including <em>V\u00e9hicules\u00a0<\/em>in the Art Brut La Collection series.<\/p>\n","protected":false},"excerpt":{"rendered":"<p>Carlo Zinelli (1916\u20131974), often called simply \u201cCarlo,\u201d is one of the leading figures of Art Brut, along with Alo\u00efse Corbaz, Andr\u00e9 Robillard, and Adolf W\u00f6lfli. The Collection de l\u2019Art Brut in Lausanne, which possesses the largest body of work by Carlo, has dedicated this book to the Italian artist\u2019s until-now underappreciated oeuvre. The volume gathers&hellip;<\/p>\n","protected":false},"featured_media":0,"template":"","meta":{"_acf_changed":false,"inline_featured_image":false},"product_brand":[],"product_cat":[48],"product_tag":[],"class_list":{"0":"post-18676","1":"product","2":"type-product","3":"status-publish","5":"product_cat-outsider-art","6":"disponibilita-si","7":"description-off","9":"first","10":"instock","11":"shipping-taxable","12":"purchasable","13":"product-type-simple"},"acf":[],"_links":{"self":[{"href":"https:\/\/www.fivecontinentseditions.com\/en\/wp-json\/wp\/v2\/product\/18676","targetHints":{"allow":["GET"]}}],"collection":[{"href":"https:\/\/www.fivecontinentseditions.com\/en\/wp-json\/wp\/v2\/product"}],"about":[{"href":"https:\/\/www.fivecontinentseditions.com\/en\/wp-json\/wp\/v2\/types\/product"}],"wp:attachment":[{"href":"https:\/\/www.fivecontinentseditions.com\/en\/wp-json\/wp\/v2\/media?parent=18676"}],"wp:term":[{"taxonomy":"product_brand","embeddable":true,"href":"https:\/\/www.fivecontinentseditions.com\/en\/wp-json\/wp\/v2\/product_brand?post=18676"},{"taxonomy":"product_cat","embeddable":true,"href":"https:\/\/www.fivecontinentseditions.com\/en\/wp-json\/wp\/v2\/product_cat?post=18676"},{"taxonomy":"product_tag","embeddable":true,"href":"https:\/\/www.fivecontinentseditions.com\/en\/wp-json\/wp\/v2\/product_tag?post=18676"}],"curies":[{"name":"wp","href":"https:\/\/api.w.org\/{rel}","templated":true}]}}