{"id":17453,"date":"2018-10-19T05:00:00","date_gmt":"2018-10-19T05:00:00","guid":{"rendered":"https:\/\/www.fivecontinentseditions.com\/?post_type=product&#038;p=17453"},"modified":"2018-11-29T10:35:53","modified_gmt":"2018-11-29T10:35:53","slug":"art-brut-from-japan-another-look","status":"publish","type":"product","link":"https:\/\/www.fivecontinentseditions.com\/en\/p\/art-brut-from-japan-another-look\/","title":{"rendered":"Art Brut from Japan, Another Look"},"content":{"rendered":"<p>This catalogue presents the works of new Japanese creators, subsequent to the catalogue <em>Art Brut du Japon<\/em>, co-published in 2008 by the Collection de l\u2019Art Brut and editions Infolio. It continues the exploration of the Art Brut creations in Japan initiated in the first book by presenting twenty-five new creators from different regions of Japan, whose works\u2014drawings, paintings, photographs, sculptures, and textiles\u2014have not yet been included in a theme-based publication like this one.\u00a0Edward G\u00f3mez and Tadashi Hattori are specialists of Japanese Art Brut whose essays discuss the subject and its assimilation in Japan since 2008 in the art of people suffering from a mental handicap. As they point out, whereas the notion of mental handicap resides in aesthetic and sociological criteria (the creators are self-taught, misfits, draft dodgers, prisoners, psychiatric patients, the elderly, etc. who create outside of the official art system), the condition\u2014whether mental or physical\u2014is not a criterion in itself. Their essays help clarify the concept of Art Brut from the standpoint of these new Japanese works.<\/p>\n<p>&nbsp;<\/p>\n<p><strong>Sarah Lombardi\u00a0<\/strong>is an art historian and has been director of the Collection de l\u2019Art Brut since 2013. Since her appointment as head of this Lausanne institution, she has placed emphasis on enhancing the prestige of the museum\u2019s collections by creating biennials of Art Brut (theme-based exhibitions present works exclusively from the institution\u2019s collection) and a new series of publications titled <em>Art Brut, the Collection<\/em>. Lombardi has published many works linked to the museum\u2019s exhibitions and articles on Art Brut for exhibition catalogues and specialised reviews. She also writes the series of articles <em>L\u2019Art Brut\u00a0<\/em>begun in 1964 by Jean Dubuffet, and in November 2016 edited the <em>Almanach de l\u2019Art Brut<\/em>, a project launched by Jean Dubuffet in 1948, a key work in the history of Art Brut.<\/p>\n<p><strong>Edward M. <\/strong><strong>G\u00f3mez\u00a0<\/strong>is a journalist, art critic, exhibition curator, and a specialist in modern art and Japanese culture, in particular with reference to Art Brut. He has written for <em>The <\/em><em>New York Times, International Herald Tribune, S.\u00a0F.\u00a0Gate\/San Francisco Chronicle, Hyperallergic, Brooklyn Rail<\/em>, salon.com, <em>ARTnews, Art in America, Art &amp; Antiques, Art + Auction, Metropolis, Interview, Modern Painters, Cond\u00e9 Nast Traveler, Eye\u00a0<\/em>(London), <em>The <\/em><em>Japan Times, Ikebana Ryusei<\/em>.<\/p>\n<p><strong>Tadashi Hattori\u00a0<\/strong>is an associate professor of art history and theory at the Konan University in Kobe, Japan, and a former curator at the Hyogo Prefectural Museum of Art in Kobe. He writes for numerous publications and curates many exhibitions about Art Brut and arts by the disabled. He collaborates with institutions for Art Brut in Europe such as abcd Art Brut, Adolf W\u00f6lfli-Stiftung, Mus\u00e9e de la Cr\u00e9ation Franche.<\/p>\n","protected":false},"excerpt":{"rendered":"<p>This catalogue presents the works of new Japanese creators, subsequent to the catalogue Art Brut du Japon, co-published in 2008 by the Collection de l\u2019Art Brut and editions Infolio. It continues the exploration of the Art Brut creations in Japan initiated in the first book by presenting twenty-five new creators from different regions of Japan,&hellip;<\/p>\n","protected":false},"featured_media":21931,"template":"","meta":{"_acf_changed":false,"inline_featured_image":false},"product_brand":[],"product_cat":[48],"product_tag":[],"class_list":{"0":"post-17453","1":"product","2":"type-product","3":"status-publish","4":"has-post-thumbnail","6":"product_cat-outsider-art","7":"disponibilita-no","8":"description-off","10":"first","11":"outofstock","12":"shipping-taxable","13":"purchasable","14":"product-type-simple"},"acf":[],"_links":{"self":[{"href":"https:\/\/www.fivecontinentseditions.com\/en\/wp-json\/wp\/v2\/product\/17453","targetHints":{"allow":["GET"]}}],"collection":[{"href":"https:\/\/www.fivecontinentseditions.com\/en\/wp-json\/wp\/v2\/product"}],"about":[{"href":"https:\/\/www.fivecontinentseditions.com\/en\/wp-json\/wp\/v2\/types\/product"}],"wp:featuredmedia":[{"embeddable":true,"href":"https:\/\/www.fivecontinentseditions.com\/en\/wp-json\/wp\/v2\/media\/21931"}],"wp:attachment":[{"href":"https:\/\/www.fivecontinentseditions.com\/en\/wp-json\/wp\/v2\/media?parent=17453"}],"wp:term":[{"taxonomy":"product_brand","embeddable":true,"href":"https:\/\/www.fivecontinentseditions.com\/en\/wp-json\/wp\/v2\/product_brand?post=17453"},{"taxonomy":"product_cat","embeddable":true,"href":"https:\/\/www.fivecontinentseditions.com\/en\/wp-json\/wp\/v2\/product_cat?post=17453"},{"taxonomy":"product_tag","embeddable":true,"href":"https:\/\/www.fivecontinentseditions.com\/en\/wp-json\/wp\/v2\/product_tag?post=17453"}],"curies":[{"name":"wp","href":"https:\/\/api.w.org\/{rel}","templated":true}]}}