{"id":17447,"date":"2018-10-22T05:00:00","date_gmt":"2018-10-22T05:00:00","guid":{"rendered":"https:\/\/www.fivecontinentseditions.com\/?post_type=product&#038;p=17447"},"modified":"2024-03-27T17:56:09","modified_gmt":"2024-03-27T17:56:09","slug":"gustave-revilliod-1817-1890-un-homme-ouvert-au-monde","status":"publish","type":"product","link":"https:\/\/www.fivecontinentseditions.com\/en\/p\/gustave-revilliod-1817-1890-un-homme-ouvert-au-monde\/","title":{"rendered":"Gustave Revilliod (1817-1890), un homme ouvert au monde"},"content":{"rendered":"<p>Great collector, tireless traveller, learned man of letters, enlightened patron, and patriotic citizen, Gustave Revilliod was born in Geneva in 1817 and died in Cairo in 1890. His greatest achievement in life was undoubtedly the founding of the Ariana Museum, which he built to house his collections and especially so that all his objects could charm and educate the public at large. Today it is the Swiss Museum of Ceramics and Glass, but it was originally an encyclopaedic institution designed to display all the objects of the various arts and periods considered worthy of the collector\u2019s interest.<\/p>\n<p>Including thirty essays by specialists in the field, this major publication provides a sweeping survey of Gustave Revilliod\u2019s life and passions. His extremely full and eventful life is analysed with great thoroughness, aided by numerous archive documents. The book delves into his family life, his acquaintances, his various properties, and the origins of his fortune, as well as his publishing ventures, his political opinions tinged with anti-colonialism, and his trips in Europe and around the world\u2014with a special focus on Asia. The contributing scholars track down the objects in his collection\u2014over 30,000, now housed in various public institutions in Geneva\u2014and his monumental project to set up a museum. Revilliod\u2019s ideas, circumstances, and actions provide the raw data for a situational analysis in the context of a nineteenth century that saw the establishment of the first large museums and the craze for universal expositions, as well as the conspicuous consumption of exotic objects promoted by major department stores.<\/p>\n<p>&nbsp;<\/p>\n<p><strong>Danielle Buyssens\u00a0<\/strong>holds a PhD in History and Civilisations form EHESS (Paris) and works in the field of the cultural history of Geneva, in the arts and public, particularly ethnographic, collections. She is the author of several books, articles, and contributions to collective works and is the recipient of the 2010 History Prize awarded by the Institut Genevois National for <em>La Question de l\u2019art \u00e0 Gen\u00e8ve, du cosmopolitisme des Lumi\u00e8res au romantisme des nationalit\u00e9s <\/em>(2008). She is honorary curator of the Mus\u00e9e d\u2019ethnographie de Gen\u00e8ve.<\/p>\n<p><strong>Isabelle Naef-Galuba <\/strong>has been the director of the Ariana Museum, Swiss Museum of Ceramics and Glass, since 2010. She holds an MA, specializing in ceramics, and has attended several courses in management. She is an expert in data processing for heritage collections.<\/p>\n<p><strong>Barbara Roth-Lochner\u00a0<\/strong>holds a PhD in History from the University of Geneva and is honorary curator at the Biblioth\u00e8que de Gen\u00e8ve. She was assistant state archivist at the Geneva State Archives, then curator of manuscripts and private archives at the Biblioth\u00e8que de Gen\u00e8ve, in charge of the special collections unit. She is the author of papers and publications in the field of the history of Geneva and archive studies and has helped train archivists at the universities of Bern and Lausanne.<\/p>\n","protected":false},"excerpt":{"rendered":"<p>Great collector, tireless traveller, learned man of letters, enlightened patron, and patriotic citizen, Gustave Revilliod was born in Geneva in 1817 and died in Cairo in 1890. His greatest achievement in life was undoubtedly the founding of the Ariana Museum, which he built to house his collections and especially so that all his objects could&hellip;<\/p>\n","protected":false},"featured_media":21869,"template":"","meta":{"_acf_changed":false,"inline_featured_image":false},"product_brand":[],"product_cat":[61,59],"product_tag":[],"class_list":{"0":"post-17447","1":"product","2":"type-product","3":"status-publish","4":"has-post-thumbnail","6":"product_cat-applied-arts","7":"product_cat-modern-art","8":"disponibilita-si","9":"description-off","11":"first","12":"instock","13":"shipping-taxable","14":"purchasable","15":"product-type-simple"},"acf":[],"_links":{"self":[{"href":"https:\/\/www.fivecontinentseditions.com\/en\/wp-json\/wp\/v2\/product\/17447","targetHints":{"allow":["GET"]}}],"collection":[{"href":"https:\/\/www.fivecontinentseditions.com\/en\/wp-json\/wp\/v2\/product"}],"about":[{"href":"https:\/\/www.fivecontinentseditions.com\/en\/wp-json\/wp\/v2\/types\/product"}],"wp:featuredmedia":[{"embeddable":true,"href":"https:\/\/www.fivecontinentseditions.com\/en\/wp-json\/wp\/v2\/media\/21869"}],"wp:attachment":[{"href":"https:\/\/www.fivecontinentseditions.com\/en\/wp-json\/wp\/v2\/media?parent=17447"}],"wp:term":[{"taxonomy":"product_brand","embeddable":true,"href":"https:\/\/www.fivecontinentseditions.com\/en\/wp-json\/wp\/v2\/product_brand?post=17447"},{"taxonomy":"product_cat","embeddable":true,"href":"https:\/\/www.fivecontinentseditions.com\/en\/wp-json\/wp\/v2\/product_cat?post=17447"},{"taxonomy":"product_tag","embeddable":true,"href":"https:\/\/www.fivecontinentseditions.com\/en\/wp-json\/wp\/v2\/product_tag?post=17447"}],"curies":[{"name":"wp","href":"https:\/\/api.w.org\/{rel}","templated":true}]}}