{"id":16954,"date":"2018-09-03T05:00:00","date_gmt":"2018-09-03T05:00:00","guid":{"rendered":"https:\/\/www.fivecontinentseditions.com\/?post_type=product&#038;p=16954"},"modified":"2025-05-08T11:27:59","modified_gmt":"2025-05-08T11:27:59","slug":"alexander-calder-radical-inventor","status":"publish","type":"product","link":"https:\/\/www.fivecontinentseditions.com\/en\/p\/alexander-calder-radical-inventor\/","title":{"rendered":"Alexander Calder. Radical Inventor"},"content":{"rendered":"<p>Alexander Calder (1898\u20131976) as a radical inventor: an artist who discarded convention and disrupted hierarchies, overturning the traditional basis of culture while revolutionizing the way people perceive and interact with art.<\/p>\n<p>Calder\u2019s \u201cnew line\u201d was not simply an evolution of forms and styles. From the start, it was quite clear to all who witnessed him at work that\u2013in his way to draw attention and gaining notoriety\u2013he was doing something radically new. This catalogue shows how Calder\u2019s work emerged from expectations of change in American popular culture. Calder, who was initially attracted by the structure and functions of the circus, looked for alternative models to triumph over respectability, public decorum, and the ambitions of industry. The catalogue, with twelve essays from major contributors, will examine how Calder, among the first college-trained artists, found techniques and inspiration in many disciplines and their development: technology, engineering, architecture, physics, and astronomy among others. All these contributed to the development of his wire sculptures, mobiles, and stabiles. More than 100 works and comparative illustrations will guide the reader through this innovative and unique path.<\/p>\n<p>&nbsp;<\/p>\n<p><strong>Elizabeth Hutton Turner <\/strong>is Professor of Modern Art at the University of Virginia, former Senior Curator of the Phillips Collection, and a renowned scholar of Calder\u2019s work. She has also acted as a consultant for the Calder Museum Project in Philadelphia and has been project director, author, and editor for several exhibition catalogues of Calder\u2019s work.<\/p>\n<p><strong>Anne Grace <\/strong>is the organizing curator of <em>Radical Inventor: A Retrospective of Alexander Calder\u00a0<\/em>and Curator of Exhibitions and Education at the Montreal Museum of Fine Arts. In her former role as Curator of Modern Art at the MMFA, she co-organized numerous exhibitions, most recently <em>From Van Gogh to Kandinsky: Impressionism to Expressionism, 1900\u20131914\u00a0<\/em>(2014).<\/p>\n<p><strong>W. Bernard Carlson <\/strong>is a professor in the Department of Science, Technology, and Society (School of Engineering) and in the History Department (College of Arts and Sciences) at the University of Virginia. He is an expert on the role of technology and innovation in American history.<\/p>\n<p><strong>Linda Dalrymple Henderson\u00a0<\/strong>is David Bruton, Jr. Centennial Professor in Art History, Distinguished Teaching Professor, and Regents\u2019 Outstanding Teaching Professor, Department of Art and Art History, University of Texas at Austin. Her research and teaching focus on the interdisciplinary study of modernism, including the relation of modern art to geometry, science, and technology, and mystical and occult philosophies.<\/p>\n<p><strong>Pascal Jacob <\/strong>is a circus arts historian, a teacher at circus schools in Canada, Belgium, and France, and the artistic director of Cirque Ph\u00e9nix and the Festival Mondial du Cirque de Demain. He has published over thirty books on the history of circus arts. He is a tireless collector of historical circus paraphernalia and publications.<\/p>\n<p><strong>Abigail Mack\u00a0<\/strong>is an independent conservator and advisor to the Calder Foundation. She has a specific interest in large-scale and monumental sculpture and, in collaboration with the Calder Foundation, is involved in an ongoing research project that aims to develop more durable coatings for painted outdoor sculpture.<\/p>\n<p><strong>Vanja Malloy <\/strong>is Curator of American Art at the Mead Art Museum at Amherst College. A former Chester Dale Fellow in the Department of Modern and Contemporary Art at the Metropolitan Museum of Art, she has authored \u201cRethinking Alexander Calder: Astronomy, Relativity, and Psychology\u201d (doctoral thesis), \u201cPresenting Alexander Calder: A Review of Current Exhibition Practices\u201d (2015), and \u201cRethinking Alexander Calder&#8217;s Universes and Mobiles: The Influences of Einsteinian Physics and Modern Astronomy\u201d (2012).<\/p>\n<p><strong>Eleonora Nagy\u00a0<\/strong>is Conservator of Three-Dimensional Works of Art at the Whitney Museum of American Art. She worked on the conservation of the famous <em>Calder\u2019s Circus<\/em>, a multidisciplinary project that required collaboration with an art historian and an archivist to address the various media and materials that comprise this work.<\/p>\n<p><strong>Arnauld Pierre <\/strong>is Professor of Art History at the Universit\u00e9 de Paris (Sorbonne IV), a member of the research team on twentieh-century art at Centre Andr\u00e9 Chastel, and author of several books on Calder. His doctoral thesis, \u201cMouvement et r\u00e9alit\u00e9 dans l&#8217;\u0153uvre de Calder. Des ann\u00e9es de formation \u00e0 la maturit\u00e9\u201d (1995), was followed in 2009 by the monograph <em>Calder. Mouvement et r\u00e9alit\u00e9<\/em>.<\/p>\n<p><strong>Claire Raymond<\/strong>, author of several collections of poetry, is lecturer for the program in Art History at the University of Virginia. Her main research interests are aesthetic theory, photography, and feminist theory: her aim is to investigate how the visual culture and the arts shape the public and private life of Man.<\/p>\n<p><strong>Emily C. Reed <\/strong>is a Ph.D. candidate in History of Art and Architecture at the University of Virginia. She recently completed her doctoral dissertation, \u201cAlexander Calder, Naum Gabo, Isamu Noguchi and the Pre- and Post-War Development of Abstract Art for Public Space,\u201d under the direction of Dr. Elizabeth Hutton Turner.<strong>\u00a0<\/strong><\/p>\n<p><strong>Alex J. Taylor\u00a0<\/strong>is a historian of modern art and visual culture whose recent publications on post-war sculpture have focused on the late career of Alexander Calder. From 2014 to 2016, he was the inaugural Terra Foundation Research Fellow in American Art at the Tate.<\/p>\n","protected":false},"excerpt":{"rendered":"<p>Alexander Calder (1898\u20131976) as a radical inventor: an artist who discarded convention and disrupted hierarchies, overturning the traditional basis of culture while revolutionizing the way people perceive and interact with art. Calder\u2019s \u201cnew line\u201d was not simply an evolution of forms and styles. From the start, it was quite clear to all who witnessed him&hellip;<\/p>\n","protected":false},"featured_media":21155,"template":"","meta":{"_acf_changed":false,"inline_featured_image":false},"product_brand":[],"product_cat":[53,59],"product_tag":[],"class_list":{"0":"post-16954","1":"product","2":"type-product","3":"status-publish","4":"has-post-thumbnail","6":"product_cat-contemporary-art","7":"product_cat-modern-art","8":"disponibilita-no","9":"description-off","11":"first","12":"outofstock","13":"shipping-taxable","14":"purchasable","15":"product-type-simple"},"acf":[],"_links":{"self":[{"href":"https:\/\/www.fivecontinentseditions.com\/en\/wp-json\/wp\/v2\/product\/16954","targetHints":{"allow":["GET"]}}],"collection":[{"href":"https:\/\/www.fivecontinentseditions.com\/en\/wp-json\/wp\/v2\/product"}],"about":[{"href":"https:\/\/www.fivecontinentseditions.com\/en\/wp-json\/wp\/v2\/types\/product"}],"wp:featuredmedia":[{"embeddable":true,"href":"https:\/\/www.fivecontinentseditions.com\/en\/wp-json\/wp\/v2\/media\/21155"}],"wp:attachment":[{"href":"https:\/\/www.fivecontinentseditions.com\/en\/wp-json\/wp\/v2\/media?parent=16954"}],"wp:term":[{"taxonomy":"product_brand","embeddable":true,"href":"https:\/\/www.fivecontinentseditions.com\/en\/wp-json\/wp\/v2\/product_brand?post=16954"},{"taxonomy":"product_cat","embeddable":true,"href":"https:\/\/www.fivecontinentseditions.com\/en\/wp-json\/wp\/v2\/product_cat?post=16954"},{"taxonomy":"product_tag","embeddable":true,"href":"https:\/\/www.fivecontinentseditions.com\/en\/wp-json\/wp\/v2\/product_tag?post=16954"}],"curies":[{"name":"wp","href":"https:\/\/api.w.org\/{rel}","templated":true}]}}