{"id":16948,"date":"2018-08-08T05:00:00","date_gmt":"2018-08-08T05:00:00","guid":{"rendered":"https:\/\/www.fivecontinentseditions.com\/?post_type=product&#038;p=16948"},"modified":"2025-07-24T18:33:49","modified_gmt":"2025-07-24T18:33:49","slug":"bill-traylor-2","status":"publish","type":"product","link":"https:\/\/www.fivecontinentseditions.com\/en\/p\/bill-traylor-2\/","title":{"rendered":"Bill Traylor"},"content":{"rendered":"<p>Born into slavery around 1853\/4 on a cotton plantation in Benton, Alabama, Traylor has become one of the most important self-taught artists of the twentieth century, and certainly one of the most celebrated African-American artists, along with Thorton Dial and William Edmondson. The story of Bill Traylor\u2019s life and work is a remarkable one. It is a story that deserves attention both nationally and internationally.<span class=\"Apple-converted-space\">\u00a0<\/span><\/p>\n<p>This publication, generously illustrated with full-page high-quality reproductions, will provide a close examination of Traylor\u2019s recurrent themes, composition schemes, favoured iconography, and contextual information related to the artist\u2019s biography, creative process and tools, visual environment, and artistic mindset.<span class=\"Apple-converted-space\">\u00a0<\/span><\/p>\n<p>Each artwork is considered in a context beyond that of an isolated image and in response to one another, forming a series of intricate and consistent narratives, intriguingly cinematic in its development. The elements of Traylor\u2019s biography are the anchors of an individual mythology. Instead of merely being a basic depiction, the subject becomes a visual statement structuring Traylor\u2019s mind, bringing together hidden symbols from Kongo Vodou, Hoodoo, Southern Baptist, Freemasonry, and Blues sources, as well as layers of references: slavery, uncensored violence in the Jim Crow era, and turbulence within the black enclave known as \u201cDark Town\u201d in Montgomery, Alabama.<span class=\"Apple-converted-space\">\u00a0<\/span><\/p>\n<p>&nbsp;<\/p>\n<p><strong>Val\u00e9rie Rousseau<\/strong> has been curator of self-taught art and art brut at the American Folk Art Museum, New York, since 2013, where she curated the AAMC Award\u2013winning <i>When the Curtain Never Comes Down<\/i> on performance art (2015) and other critically acclaimed exhibitions. Rousseau holds a doctoral degree in art history and a master\u2019s degree in art theory, both from Universit\u00e9 du Qu\u00e9bec in Montr\u00e9al, and a master\u2019s degree in anthropology from \u00c9cole des Hautes \u00c9tudes en Sciences Sociales, Paris. She is the author and editor of numerous publications, among them <i>The Hidden Art: 20th and 21st Century Self-Taught Art<\/i> (Rizzoli, 2017), <i>Revealing Art Brut<\/i> (Culture &amp; Mus\u00e9es, 2010), and <i>Vestiges de l\u2019indiscipline<\/i> (Canadian Museum of Civilization, 2007).<\/p>\n<p><strong>Debra Purden<\/strong> is an American historian whose research has focused on the life and work of Bill Traylor. She has worked as a curator and registrar for many private collections in Chicago, among them the most significant private collections of Traylor. Previously part of the curatorial team at the Museum of Contemporary Art in Chicago, Purden has held positions at the Filed Museum of Natural History, The Art Institute of Chicago, and the Chicago Cultural Center.<span class=\"Apple-converted-space\">\u00a0<\/span><\/p>\n<p><strong>Margit Rowell\u00a0<\/strong>is an art historian. Born in America, she now lives in Paris. Following her MA and PhD obtained at the University of Paris-Nanterre, she worked as a conservator at the Guggenheim Museum in New York, at the Mus\u00e9e national d\u2019art moderne \u2013 Centre Georges Pompidou in Paris, at the Fundaci\u00f3 Joan Mir\u00f3 in Barcelona, and at the Museum of Modern Art in New York. Over the course of her career spanning thirty-five years, she has organized several monographic and thematic exhibitions of modern and contemporary art by famous and less well-known artists, both American and European, and with associated catalogues. She has been working as an independent exhibitions organizer since 2002.<\/p>\n","protected":false},"excerpt":{"rendered":"<p>Born into slavery around 1853\/4 on a cotton plantation in Benton, Alabama, Traylor has become one of the most important self-taught artists of the twentieth century, and certainly one of the most celebrated African-American artists, along with Thorton Dial and William Edmondson. The story of Bill Traylor\u2019s life and work is a remarkable one. It&hellip;<\/p>\n","protected":false},"featured_media":21135,"template":"","meta":{"_acf_changed":false,"inline_featured_image":false},"product_brand":[],"product_cat":[48],"product_tag":[],"class_list":{"0":"post-16948","1":"product","2":"type-product","3":"status-publish","4":"has-post-thumbnail","6":"product_cat-outsider-art","7":"disponibilita-si","8":"description-off","10":"first","11":"instock","12":"shipping-taxable","13":"purchasable","14":"product-type-simple"},"acf":[],"_links":{"self":[{"href":"https:\/\/www.fivecontinentseditions.com\/en\/wp-json\/wp\/v2\/product\/16948","targetHints":{"allow":["GET"]}}],"collection":[{"href":"https:\/\/www.fivecontinentseditions.com\/en\/wp-json\/wp\/v2\/product"}],"about":[{"href":"https:\/\/www.fivecontinentseditions.com\/en\/wp-json\/wp\/v2\/types\/product"}],"wp:featuredmedia":[{"embeddable":true,"href":"https:\/\/www.fivecontinentseditions.com\/en\/wp-json\/wp\/v2\/media\/21135"}],"wp:attachment":[{"href":"https:\/\/www.fivecontinentseditions.com\/en\/wp-json\/wp\/v2\/media?parent=16948"}],"wp:term":[{"taxonomy":"product_brand","embeddable":true,"href":"https:\/\/www.fivecontinentseditions.com\/en\/wp-json\/wp\/v2\/product_brand?post=16948"},{"taxonomy":"product_cat","embeddable":true,"href":"https:\/\/www.fivecontinentseditions.com\/en\/wp-json\/wp\/v2\/product_cat?post=16948"},{"taxonomy":"product_tag","embeddable":true,"href":"https:\/\/www.fivecontinentseditions.com\/en\/wp-json\/wp\/v2\/product_tag?post=16948"}],"curies":[{"name":"wp","href":"https:\/\/api.w.org\/{rel}","templated":true}]}}