{"id":14690,"date":"2018-02-09T05:00:00","date_gmt":"2018-02-09T05:00:00","guid":{"rendered":"http:\/\/www.fivecontinentseditions.com\/?post_type=product&#038;p=14690"},"modified":"2018-04-09T07:36:25","modified_gmt":"2018-04-09T07:36:25","slug":"the-pont-aven-school-cradle-of-the-modern-sensibility","status":"publish","type":"product","link":"https:\/\/www.fivecontinentseditions.com\/en\/p\/the-pont-aven-school-cradle-of-the-modern-sensibility\/","title":{"rendered":"The Pont-Aven School. Cradle of the Modern Sensibility"},"content":{"rendered":"<p>Pont-Aven has lent its name to one of the most famous schools of painting in modern art and is now automatically associated with Paul Gauguin and \u00e9mile Bernard. In 1888, in this Breton village in southern Finist\u00e8re, the two painters set about inventing the features of a completely new style of painting: Synthetism. Breaking with academic orthodoxy and heavily influenced by Japanese prints, they introduced novel aesthetic principles distinguished especially by a belief in simple forms and the use of colour applied in large patches edged by a dark line. This approach further distanced itself from the art that preceded it in its taste for matt tones and the rejection of traditional perspective.<br \/>\nThis new book reveals to a wider public the important collection that Alexandre Mouradian amassed in only a few years. The collection reflects its creator\u2019s great passion for the artists of the Pont-Aven group, as well as others in Brittany and beyond who embraced the new ideas of Bernard and Gauguin without ever losing their individuality. Whether in painting or printmaking, each of these was able to move beyond the imitation of observed reality to express the deepest aspect of his personality: his emotions.<br \/>\nThe works selected by the collector eloquently show the international reach of what was not strictly speaking a school, in the full sense of the term. Since the private Paris academies were closed during the summer, artists from all over Europe went to Pont-Aven and Le Pouldu to seek inspiration and \u201cto dare\u201d like Gauguin.<br \/>\nWritten contributions by Jean-Marie Rouart of the French Academy and by the author and art historian Adrien Goetz are supported by detailed notes on the works by the museum curator Estelle Guille des Buttes, providing invaluable insights into this exceptional collection.<\/p>\n<p><strong>Estelle Guille des Buttes<\/strong> obtained her diploma from the Institut National du Patrimoine in Paris and is Chief Curator of Pont-Aven Museum, which she has run since 2006, overseeing its extension and restoration. She has organized several exhibitions, including <i>Maurice Denis et la Bretagne<\/i> in 2009, earmarked by the Ministry of Culture as being of national interest, and in 2017 <i>La Modernit\u00e9 en Bretagne (1870-1940)<\/i>. Estelle Guille des Buttes is also the author of numerous articles and other publications on the Pont-Aven School. She has been granted the title of Chevalier des Arts et Lettres.<br \/>\n<strong>Adrien Goetz<\/strong> is a member of the Institute (Academy of Fine Arts), a former student of the \u00e9cole Normale Sup\u00e9rieure, and holds an agr\u00e9gation in History and a PhD in the History of Art. At present, he teaches the History of Art at the University of Paris-Sorbonne. He has a special interest in the art of the nineteenth century. Adrien Goetz also writes novels, which are set in an art world or museum context. He is Chief Editor of <i>Grande Galerie. Le Journal du Louvre<\/i>, the museum\u2019s official magazine. He writes a column for <i>Le Figaro<\/i>every Monday titled \u201cLes Arts.\u201d<br \/>\n<strong>Jean-Marie Rouart<\/strong> was born at Neuilly-sur-Seine on April 8, 1943 into a family of painters. He is a writer and journalist and published his first novel, <i>La Fuite en Pologne<\/i>, in 1974. His novel <i>Avant-guerre<\/i> won the Prix Renaudot in 1983. His other novels include <i>Le Cavalier bless\u00e9<\/i>, 1987; <i>La Femme de proie<\/i>, 1989; <i>Le Voleur de jeunesse<\/i>, 1990; <i>Le Go\u00fbt du malheur<\/i>, 1993; <i>L\u2019Invention de l\u2019amour<\/i>, 1997. In addition to writing novels and essays, Jean-Marie Rouart has also pursued a parallel career in journalism, firstly at <i>Magazine litt\u00e9raire<\/i>, then at <i>Le<\/i> <i>Figaro<\/i> and <i>Quotidien de Paris<\/i>, where he edited the literary section. Following his period as editor of <i>Figaro litt\u00e9raire<\/i>, from 1986 to 2003, he started writing for <i>Paris Match<\/i>. He was elected to the French Academy on December 18, 1997.<\/p>\n","protected":false},"excerpt":{"rendered":"<p>Pont-Aven has lent its name to one of the most famous schools of painting in modern art and is now automatically associated with Paul Gauguin and \u00e9mile Bernard. In 1888, in this Breton village in southern Finist\u00e8re, the two painters set about inventing the features of a completely new style of painting: Synthetism. Breaking with&hellip;<\/p>\n","protected":false},"featured_media":15919,"template":"","meta":{"_acf_changed":false,"inline_featured_image":false},"product_brand":[],"product_cat":[59],"product_tag":[],"class_list":{"0":"post-14690","1":"product","2":"type-product","3":"status-publish","4":"has-post-thumbnail","6":"product_cat-modern-art","7":"disponibilita-si","8":"description-off","10":"first","11":"instock","12":"shipping-taxable","13":"purchasable","14":"product-type-simple"},"acf":[],"_links":{"self":[{"href":"https:\/\/www.fivecontinentseditions.com\/en\/wp-json\/wp\/v2\/product\/14690","targetHints":{"allow":["GET"]}}],"collection":[{"href":"https:\/\/www.fivecontinentseditions.com\/en\/wp-json\/wp\/v2\/product"}],"about":[{"href":"https:\/\/www.fivecontinentseditions.com\/en\/wp-json\/wp\/v2\/types\/product"}],"wp:featuredmedia":[{"embeddable":true,"href":"https:\/\/www.fivecontinentseditions.com\/en\/wp-json\/wp\/v2\/media\/15919"}],"wp:attachment":[{"href":"https:\/\/www.fivecontinentseditions.com\/en\/wp-json\/wp\/v2\/media?parent=14690"}],"wp:term":[{"taxonomy":"product_brand","embeddable":true,"href":"https:\/\/www.fivecontinentseditions.com\/en\/wp-json\/wp\/v2\/product_brand?post=14690"},{"taxonomy":"product_cat","embeddable":true,"href":"https:\/\/www.fivecontinentseditions.com\/en\/wp-json\/wp\/v2\/product_cat?post=14690"},{"taxonomy":"product_tag","embeddable":true,"href":"https:\/\/www.fivecontinentseditions.com\/en\/wp-json\/wp\/v2\/product_tag?post=14690"}],"curies":[{"name":"wp","href":"https:\/\/api.w.org\/{rel}","templated":true}]}}