{"id":12164,"date":"2017-07-12T05:00:00","date_gmt":"2017-07-12T05:00:00","guid":{"rendered":"http:\/\/www.fivecontinentseditions.com\/prodotto\/the-photograph-albums-of-jean-dubuffet-2\/"},"modified":"2026-02-20T16:48:52","modified_gmt":"2026-02-20T16:48:52","slug":"the-photograph-albums-of-jean-dubuffet-2","status":"publish","type":"product","link":"https:\/\/www.fivecontinentseditions.com\/en\/p\/the-photograph-albums-of-jean-dubuffet-2\/","title":{"rendered":"The photograph Albums of Jean Dubuffet"},"content":{"rendered":"<p>In the years 1945&ndash;1963, Jean Dubuffet set about documenting his collection of Art Brut. He had the pieces photographed by recognised photographers on the Paris art scene, including Henry Bonhotal and Emile Savitry. But he also had pieces photographed that were not in his own collection, including works that interested him because, like Art Brut, they were marginal to the official art world. These notably include works of popular and na\u00efve art, children&rsquo;s drawings, tattoos, graffiti photographed by Brassa\u00ef and graphic works from the Solomon Islands. <br \/>\nDubuffet arranged these photographs of artworks by over a hundred artists&mdash;including Gaston Chaissac, Alo\u00efse Corbaz, Joseph Cr\u00e9pin, Auguste Forestier, Somuk and Adolf W\u00f6lfli as well as anonymous artists&mdash;in extraordinary sequences contained in 14 albums (755 pages in total). These have been preserved since 1976 in the archives of the Collection de l&rsquo;Art Brut, Lausanne.<br \/>\nClassified by artist, the images document paintings, drawings, embroideries, sculptures and collages. In assembling this image bank in the years 1945&ndash;1963, Dubuffet set up a dialogue between highly diverse forms of expression of his period, all of which flowered away from the more familiar terrains of art history and culture.<\/p>\n<p>This facsimile edition of the Photographic Albums of Jean Dubuffet is combined with a booklet of essays by specialists: preface by Sarah Lombardi, Director of the Collection de l&rsquo;Art Brut and essays by Baptiste Brun, Nicolas Garnier, Karoline Lewandowska, Jean-Hubert Martin, J\u00e9r\u00f4me Pierrat and Michel Th\u00e9voz.<\/p>\n<p>The art historian <strong>Sarah Lombardi<\/strong> has been the full-fledged director of the Collection de l&rsquo;Art Brut since March 2013. Immediately upon taking over as the museum&rsquo;s director, Sarah Lombardi gave priority to highlighting the museum collections: this included the creation of a new publication series entitled &ldquo;Art Brut, The Collection,&rdquo; intended to accompany the Art Brut biennials. The resulting thematic shows present works exclusively from the institution&rsquo;s own holdings. She has also published numerous essays on Art Brut and directed several books on this topic.<br \/>\n<strong>Baptiste Brun<\/strong> is a lecturer in the history of contemporary art at Rennes 2 University. He wrote a dissertation on Jean Dubuffet.<br \/>\n<strong>Nicolas Garnier<\/strong> is an anthropologist and a researcher at the University of Papua-New Guinea from 2003 to 2016. Currently in charge of the Oceania collections at the Mus\u00e9e du Quai Branly-Jacques Chirac, Paris.<br \/>\n<strong>Karolina Ziebinska-Lewandowska<\/strong> curator for the photography Collection at the MNAM Centre Pompidou. In the years 1999-2010 curator at the Zacheta National Contemporary Art Gallery, Warsaw. Cofounder of the Photography Archaeology Foundation and its president until 2014.<br \/>\n<strong>Jean-Hubert Martin<\/strong> is a French art historian, curator, institution director and exhibition curator. Throughout his professional career, he has worked towards broadening the way we look at contemporary art and fostering dialogue between cultures.<br \/>\n<strong>J\u00e9r\u00f4me Pierrat<\/strong>, whose background is in history, is a journalist for the written press and television, specializing in organized crime. He is also chief editor of <em>Tatouage magazine<\/em> and the author notably of <em>Mauvais gar\u00e7ons, portraits de tatou\u00e9<\/em>s, 1890-1930, published by La Manufacture de livres.<br \/>\n<strong>Michel Th\u00e9voz<\/strong>, professor emeritus at Lausanne University, was curator at Lausanne&rsquo;s Cantonal Museum of Fine Art from 1960 until 1975, then curator of the Art Brut Collection from its inception in 1976. He has written around twenty books on borderline subjects such as academicism, the art of the insane, Spiritism, mirror reflections, the Vaudois syndrome, infamy and suicide.<\/p>\n","protected":false},"excerpt":{"rendered":"<p>In the years 1945&ndash;1963, Jean Dubuffet set about documenting his collection of Art Brut. He had the pieces photographed by recognised photographers on the Paris art scene, including Henry Bonhotal and Emile Savitry. But he also had pieces photographed that were not in his own collection, including works that interested him because, like Art Brut,&hellip;<\/p>\n","protected":false},"featured_media":12140,"template":"","meta":{"_acf_changed":false,"inline_featured_image":false},"product_brand":[],"product_cat":[48],"product_tag":[],"class_list":{"0":"post-12164","1":"product","2":"type-product","3":"status-publish","4":"has-post-thumbnail","6":"product_cat-outsider-art","7":"disponibilita-si","8":"description-off","10":"first","11":"instock","12":"shipping-taxable","13":"purchasable","14":"product-type-simple"},"acf":[],"_links":{"self":[{"href":"https:\/\/www.fivecontinentseditions.com\/en\/wp-json\/wp\/v2\/product\/12164","targetHints":{"allow":["GET"]}}],"collection":[{"href":"https:\/\/www.fivecontinentseditions.com\/en\/wp-json\/wp\/v2\/product"}],"about":[{"href":"https:\/\/www.fivecontinentseditions.com\/en\/wp-json\/wp\/v2\/types\/product"}],"wp:featuredmedia":[{"embeddable":true,"href":"https:\/\/www.fivecontinentseditions.com\/en\/wp-json\/wp\/v2\/media\/12140"}],"wp:attachment":[{"href":"https:\/\/www.fivecontinentseditions.com\/en\/wp-json\/wp\/v2\/media?parent=12164"}],"wp:term":[{"taxonomy":"product_brand","embeddable":true,"href":"https:\/\/www.fivecontinentseditions.com\/en\/wp-json\/wp\/v2\/product_brand?post=12164"},{"taxonomy":"product_cat","embeddable":true,"href":"https:\/\/www.fivecontinentseditions.com\/en\/wp-json\/wp\/v2\/product_cat?post=12164"},{"taxonomy":"product_tag","embeddable":true,"href":"https:\/\/www.fivecontinentseditions.com\/en\/wp-json\/wp\/v2\/product_tag?post=12164"}],"curies":[{"name":"wp","href":"https:\/\/api.w.org\/{rel}","templated":true}]}}