{"id":11672,"date":"2017-08-21T05:00:00","date_gmt":"2017-08-21T05:00:00","guid":{"rendered":"http:\/\/www.fivecontinentseditions.com\/prodotto\/khajuraho-2\/"},"modified":"2023-11-09T19:48:21","modified_gmt":"2023-11-09T19:48:21","slug":"khajuraho-2","status":"publish","type":"product","link":"https:\/\/www.fivecontinentseditions.com\/en\/p\/khajuraho-2\/","title":{"rendered":"Khajuraho"},"content":{"rendered":"<p>A privileged visual journey through one of the most famous Indian heritage sites.<br \/>\nSituated in the northern Indian state of Madhya Pradesh, Khajuraho is renowned as much for the elegance of its architecture as for the sensuality of its sculpture. Khajuraho has become one of the unmissable sights for any traveller to India and owes its international reputation to the lavishness of its numerous Hindu shrines. Formerly an important political and religious centre, it is thought to have contained up to ninety-five temples, as the many ruins concealed under otherwise anonymous hillocks scattered throughout the valley attest. Only twenty-five survive. The earliest mention of Khajuraho dates from the seventh century. After the collapse of the Candella kingdom, the site experienced almost four centuries of oblivion and the once proud city-state turned into a sleepy village nestling in what had become an arid basin for several months in the year. British hunters rediscovered it quite by chance at the beginning of the nineteenth century. Since then the area has undergone several phases of restoration, as befits one of the leading sites of the world\u2019s cultural heritage. The highly unusual nature of its temple depictions has given this area a somewhat \u201cscandalous\u201d reputation, unleashing, over the years, interpretations of all kinds.<\/p>\n<p><strong>Gilles B\u00e9guin<\/strong>, Conservateur G\u00e9n\u00e9ral Honoraire du Patrimoine, was head of the Nepalese and Tibetan Buddhism collections at the Mus\u00e9e national des Arts asiatiques-Guimet from 1971 to 1994. He was then appointed director of the Mus\u00e9e Cernuschi, Mus\u00e9e des Arts de l\u2019Asie de la Ville de Paris.<br \/>\n<strong>Iago Corazza<\/strong> is a journalist and filmmaker but his main profession is photography. He has provided numerous photographic features for National Geographic, White Star and Oasis, as well as for various geographic and scientific publications. As a film director and director of photography, he has worked on a number of television programmes and documentaries for leading Italian and international broadcasters. Corazza is a UNICEF testimonial and collaborator, and when not on location he teaches photography.<\/p>\n","protected":false},"excerpt":{"rendered":"<p>A privileged visual journey through one of the most famous Indian heritage sites. Situated in the northern Indian state of Madhya Pradesh, Khajuraho is renowned as much for the elegance of its architecture as for the sensuality of its sculpture. Khajuraho has become one of the unmissable sights for any traveller to India and owes&hellip;<\/p>\n","protected":false},"featured_media":11643,"template":"","meta":{"_acf_changed":false,"inline_featured_image":false},"product_brand":[],"product_cat":[52],"product_tag":[],"class_list":{"0":"post-11672","1":"product","2":"type-product","3":"status-publish","4":"has-post-thumbnail","6":"product_cat-asian-art","7":"disponibilita-no","8":"description-off","10":"first","11":"outofstock","12":"shipping-taxable","13":"purchasable","14":"product-type-simple"},"acf":[],"_links":{"self":[{"href":"https:\/\/www.fivecontinentseditions.com\/en\/wp-json\/wp\/v2\/product\/11672","targetHints":{"allow":["GET"]}}],"collection":[{"href":"https:\/\/www.fivecontinentseditions.com\/en\/wp-json\/wp\/v2\/product"}],"about":[{"href":"https:\/\/www.fivecontinentseditions.com\/en\/wp-json\/wp\/v2\/types\/product"}],"wp:featuredmedia":[{"embeddable":true,"href":"https:\/\/www.fivecontinentseditions.com\/en\/wp-json\/wp\/v2\/media\/11643"}],"wp:attachment":[{"href":"https:\/\/www.fivecontinentseditions.com\/en\/wp-json\/wp\/v2\/media?parent=11672"}],"wp:term":[{"taxonomy":"product_brand","embeddable":true,"href":"https:\/\/www.fivecontinentseditions.com\/en\/wp-json\/wp\/v2\/product_brand?post=11672"},{"taxonomy":"product_cat","embeddable":true,"href":"https:\/\/www.fivecontinentseditions.com\/en\/wp-json\/wp\/v2\/product_cat?post=11672"},{"taxonomy":"product_tag","embeddable":true,"href":"https:\/\/www.fivecontinentseditions.com\/en\/wp-json\/wp\/v2\/product_tag?post=11672"}],"curies":[{"name":"wp","href":"https:\/\/api.w.org\/{rel}","templated":true}]}}