{"id":11456,"date":"2017-08-21T05:00:00","date_gmt":"2017-08-21T05:00:00","guid":{"rendered":"http:\/\/www.fivecontinentseditions.com\/prodotto\/impressions-fortes-2\/"},"modified":"2024-07-04T15:08:51","modified_gmt":"2024-07-04T15:08:51","slug":"impressions-fortes-2","status":"publish","type":"product","link":"https:\/\/www.fivecontinentseditions.com\/en\/p\/impressions-fortes-2\/","title":{"rendered":"Impressions Fortes"},"content":{"rendered":"<p>Thanks to the diligent efforts of a number of private collectors who over time have assembled the works of various master printmakers \u2013 and to the passion of contemporary artists centred on the Atleier de Saint-Prex \u2013 this collection of plates covers the history of printmaking, from fifteenth-century woodcuts to the wider-ranging works of our own age. Instead of taking a chronological approach, the book explores the many striking affinities between early masters and modern or contemporary artists. Hence, a glass plate etched by Pierre Schopfer (b. 1943) flanks a Corot landscape, and an engraving by Albert-Edgard Yersin (1905\u201384) vies with the earlier masterpieces of Albrecht D\u00fcrer, C\u00e9lestin Nanteuil, and Claude Mellan. Similarly, views by G\u00e9rard de Pal\u00e9zieux jostle with works by Canaletto and Claude Lorrain, and the sharp lines of Urs Graf are juxtaposed with an etching by Jacques Callot (1592\u20131635), while the lithographs of Edmond Quinche (b. 1942) recall works by Daumier (1808\u201379), with hints of Toulouse-Lautrec. Elsewhere, one notes the debt of Pietro Sarto (b. 1930) to Gautier-D\u2019Agoty (1718\u201385)and Goya. Here too you will find the sublime brilliance of Rembrandt etchings, Piranesi\u2019s inventions, and a Picasso copper-plate. Importantly, the aim of this assemblage of masterpieces is not to rank the works or pit one against another, but to illustrate the challenges of composition and technical ambitions that echo from work to work, transcending the limits of time.<\/p>\n<p><strong>Florian Rodari<\/strong> has studied both literature and the history of art. After seven years in the Cabinet des Estampes in Geneva, he was director of Mus\u00e9e de l\u2019\u00c9lys\u00e9e in Lausanne from 1979 to 1983. As an independent curator, he now organizes regular exhibitions for museums in Switzerland and abroad. He is the author of several publications, including <em>Claude Mellan. L\u2019<\/em><em>\u00e9<\/em><em>criture de la m\u00e9thode<\/em> (5Continents Editions, 2015).<\/p>\n","protected":false},"excerpt":{"rendered":"<p>Thanks to the diligent efforts of a number of private collectors who over time have assembled the works of various master printmakers \u2013 and to the passion of contemporary artists centred on the Atleier de Saint-Prex \u2013 this collection of plates covers the history of printmaking, from fifteenth-century woodcuts to the wider-ranging works of our&hellip;<\/p>\n","protected":false},"featured_media":11420,"template":"","meta":{"_acf_changed":false,"inline_featured_image":false},"product_brand":[],"product_cat":[53,62],"product_tag":[],"class_list":{"0":"post-11456","1":"product","2":"type-product","3":"status-publish","4":"has-post-thumbnail","6":"product_cat-contemporary-art","7":"product_cat-graphic-arts","8":"disponibilita-si","9":"description-off","11":"first","12":"instock","13":"shipping-taxable","14":"purchasable","15":"product-type-simple"},"acf":[],"_links":{"self":[{"href":"https:\/\/www.fivecontinentseditions.com\/en\/wp-json\/wp\/v2\/product\/11456","targetHints":{"allow":["GET"]}}],"collection":[{"href":"https:\/\/www.fivecontinentseditions.com\/en\/wp-json\/wp\/v2\/product"}],"about":[{"href":"https:\/\/www.fivecontinentseditions.com\/en\/wp-json\/wp\/v2\/types\/product"}],"wp:featuredmedia":[{"embeddable":true,"href":"https:\/\/www.fivecontinentseditions.com\/en\/wp-json\/wp\/v2\/media\/11420"}],"wp:attachment":[{"href":"https:\/\/www.fivecontinentseditions.com\/en\/wp-json\/wp\/v2\/media?parent=11456"}],"wp:term":[{"taxonomy":"product_brand","embeddable":true,"href":"https:\/\/www.fivecontinentseditions.com\/en\/wp-json\/wp\/v2\/product_brand?post=11456"},{"taxonomy":"product_cat","embeddable":true,"href":"https:\/\/www.fivecontinentseditions.com\/en\/wp-json\/wp\/v2\/product_cat?post=11456"},{"taxonomy":"product_tag","embeddable":true,"href":"https:\/\/www.fivecontinentseditions.com\/en\/wp-json\/wp\/v2\/product_tag?post=11456"}],"curies":[{"name":"wp","href":"https:\/\/api.w.org\/{rel}","templated":true}]}}