{"id":10799,"date":"2016-03-29T05:00:00","date_gmt":"2016-03-29T05:00:00","guid":{"rendered":"http:\/\/www.fivecontinentseditions.com\/prodotto\/entre-sculpture-et-photographie-2\/"},"modified":"2017-12-21T18:44:36","modified_gmt":"2017-12-21T18:44:36","slug":"entre-sculpture-et-photographie-2","status":"publish","type":"product","link":"https:\/\/www.fivecontinentseditions.com\/en\/p\/entre-sculpture-et-photographie-2\/","title":{"rendered":"Entre sculpture et photographie"},"content":{"rendered":"<p><em>Entre sculpture et photographie<\/em> presents eight artists of the late-twentieth century who were equally at home in sculpture and photography, in some sense following in the footsteps of Rodin, who had a passion for photography in as much as it was able to break new ground in his creative endeavours. A new generation of artists took their cue from this stance in the 1960s, and attempted to reformulate the concept of sculpture through the systematic use of photography, which by that time was recognized as an artistic medium in its own right.<\/p>\n<p>The eight artists in this book maintain a close link between photography and sculpture, to the point that at times the two become inseparable. The work explores the different points at which they come into contact and the nature of their alliance, which may involve separate practices (Cy Twombly), dovetail from the moment of their production (Richard Long), employ the reverberations of a shared imagination (Giuseppe Penone, Dieter Appelt), or exploit the formal echo of one to another (John Chamberlain). Linked by the same paradoxes associated with sight itself (Markus Raetz), an uncertain deductive logic (Mac Adams), or the double experience of an irreversible ephemeral action (Gordon Matta-Clark), sculpture and photography seem for these artists to reveal the two faces of the same problem concerning the creation and perception of art.<\/p>\n<p><strong>Catherine Chevillot<\/strong> is a Conservateur g\u00e9n\u00e9ral du patrimoine and director of the Mus\u00e9e Rodin, Paris.<br \/>\n<strong>Michel Frizot<\/strong> is emeritus director of research at CNRS; he is a historian and theorist of photography and has taught at the University of Paris IV, at the &Eacute;cole du Louvre and at EHESS.<br \/>\n<strong>H\u00e9l\u00e8ne Pinet<\/strong> is head of research, archive, library and documentary services at the Mus\u00e9e Rodin, Paris.<br \/>\n<strong>Gilles A. Tiberghien<\/strong> teaches the History of Art and Aesthetics at the University of Paris I &ndash; Panth\u00e9on-Sorbonne.<br \/>\n<strong>Alexandre Quoi<\/strong> is a lecturer in the History of Contemporary Art at Aix-Marseille University (UMR Telemme-CNRS), and visiting professor at ENSP Arles.<\/p>\n<p>Artists featured:<br \/>\nRichard <strong>Long<\/strong> (1945)<br \/>\nGordon <strong>Matta-Clark<\/strong> (1943-1978)<br \/>\nGiuseppe<strong> Penone<\/strong> (1947)<br \/>\nMarkus <strong>Raetz<\/strong> (1941)<br \/>\nDieter <strong>Appelt<\/strong> (1935)<br \/>\nMac <strong>Adams<\/strong> (1943)<br \/>\nJohn <strong>Chamberlain<\/strong> (1927-2011)<br \/>\nCy <strong>Twombly<\/strong> (1928-2011)<\/p>\n","protected":false},"excerpt":{"rendered":"<p>Entre sculpture et photographie presents eight artists of the late-twentieth century who were equally at home in sculpture and photography, in some sense following in the footsteps of Rodin, who had a passion for photography in as much as it was able to break new ground in his creative endeavours. A new generation of artists&hellip;<\/p>\n","protected":false},"featured_media":10769,"template":"","meta":{"_acf_changed":false,"inline_featured_image":false},"product_brand":[],"product_cat":[53],"product_tag":[],"class_list":{"0":"post-10799","1":"product","2":"type-product","3":"status-publish","4":"has-post-thumbnail","6":"product_cat-contemporary-art","7":"disponibilita-no","8":"description-off","10":"first","11":"outofstock","12":"shipping-taxable","13":"purchasable","14":"product-type-simple"},"acf":[],"_links":{"self":[{"href":"https:\/\/www.fivecontinentseditions.com\/en\/wp-json\/wp\/v2\/product\/10799","targetHints":{"allow":["GET"]}}],"collection":[{"href":"https:\/\/www.fivecontinentseditions.com\/en\/wp-json\/wp\/v2\/product"}],"about":[{"href":"https:\/\/www.fivecontinentseditions.com\/en\/wp-json\/wp\/v2\/types\/product"}],"wp:featuredmedia":[{"embeddable":true,"href":"https:\/\/www.fivecontinentseditions.com\/en\/wp-json\/wp\/v2\/media\/10769"}],"wp:attachment":[{"href":"https:\/\/www.fivecontinentseditions.com\/en\/wp-json\/wp\/v2\/media?parent=10799"}],"wp:term":[{"taxonomy":"product_brand","embeddable":true,"href":"https:\/\/www.fivecontinentseditions.com\/en\/wp-json\/wp\/v2\/product_brand?post=10799"},{"taxonomy":"product_cat","embeddable":true,"href":"https:\/\/www.fivecontinentseditions.com\/en\/wp-json\/wp\/v2\/product_cat?post=10799"},{"taxonomy":"product_tag","embeddable":true,"href":"https:\/\/www.fivecontinentseditions.com\/en\/wp-json\/wp\/v2\/product_tag?post=10799"}],"curies":[{"name":"wp","href":"https:\/\/api.w.org\/{rel}","templated":true}]}}